{"id":5482,"date":"2025-08-05T17:13:34","date_gmt":"2025-08-05T14:13:34","guid":{"rendered":"https:\/\/gaiamekanik.com.tr\/?post_type=product&#038;p=5482"},"modified":"2025-12-19T15:05:52","modified_gmt":"2025-12-19T12:05:52","slug":"duvar-tip-ic-uniteler","status":"publish","type":"product","link":"https:\/\/gaiamekanik.com.tr\/en\/product\/duvar-tip-ic-uniteler\/","title":{"rendered":"WALL TYPE INDOOR UNITS"},"content":{"rendered":"<p class=\"p1\">Farkl\u0131 Borulama Ba\u011flant\u0131 Opsiyonu ile Kolay Montaj<\/p>\n<p class=\"p1\">\u015e\u0131k ve P\u00fcr\u00fczs\u00fcz Tasar\u0131m<\/p>\n<p class=\"p1\">Hafif Tasar\u0131m ile Kolay Montaj<\/p>","protected":false},"excerpt":{"rendered":"<p>Farkl\u0131 Borulama Ba\u011flant\u0131 Opsiyonu ile Kolay Montaj \u015e\u0131k ve P\u00fcr\u00fczs\u00fcz Tasar\u0131m Hafif Tasar\u0131m ile Kolay Montaj<\/p>","protected":false},"featured_media":5484,"comment_status":"open","ping_status":"closed","template":"","meta":{"_acf_changed":false,"_monsterinsights_skip_tracking":false,"_monsterinsights_sitenote_active":false,"_monsterinsights_sitenote_note":"","_monsterinsights_sitenote_category":0},"product_brand":[],"product_cat":[48,15],"product_tag":[],"class_list":{"0":"post-5482","1":"product","2":"type-product","3":"status-publish","4":"has-post-thumbnail","6":"product_cat-ic-uniteler","7":"product_cat-vrf-vrv-sistemleri","9":"first","10":"instock","11":"shipping-taxable","12":"product-type-simple"},"acf":[],"aioseo_notices":[],"_links":{"self":[{"href":"https:\/\/gaiamekanik.com.tr\/en\/wp-json\/wp\/v2\/product\/5482","targetHints":{"allow":["GET"]}}],"collection":[{"href":"https:\/\/gaiamekanik.com.tr\/en\/wp-json\/wp\/v2\/product"}],"about":[{"href":"https:\/\/gaiamekanik.com.tr\/en\/wp-json\/wp\/v2\/types\/product"}],"replies":[{"embeddable":true,"href":"https:\/\/gaiamekanik.com.tr\/en\/wp-json\/wp\/v2\/comments?post=5482"}],"version-history":[{"count":3,"href":"https:\/\/gaiamekanik.com.tr\/en\/wp-json\/wp\/v2\/product\/5482\/revisions"}],"predecessor-version":[{"id":5939,"href":"https:\/\/gaiamekanik.com.tr\/en\/wp-json\/wp\/v2\/product\/5482\/revisions\/5939"}],"wp:featuredmedia":[{"embeddable":true,"href":"https:\/\/gaiamekanik.com.tr\/en\/wp-json\/wp\/v2\/media\/5484"}],"wp:attachment":[{"href":"https:\/\/gaiamekanik.com.tr\/en\/wp-json\/wp\/v2\/media?parent=5482"}],"wp:term":[{"taxonomy":"product_brand","embeddable":true,"href":"https:\/\/gaiamekanik.com.tr\/en\/wp-json\/wp\/v2\/product_brand?post=5482"},{"taxonomy":"product_cat","embeddable":true,"href":"https:\/\/gaiamekanik.com.tr\/en\/wp-json\/wp\/v2\/product_cat?post=5482"},{"taxonomy":"product_tag","embeddable":true,"href":"https:\/\/gaiamekanik.com.tr\/en\/wp-json\/wp\/v2\/product_tag?post=5482"}],"curies":[{"name":"wp","href":"https:\/\/api.w.org\/{rel}","templated":true}]}}