{"id":5553,"date":"2025-10-13T16:28:10","date_gmt":"2025-10-13T13:28:10","guid":{"rendered":"https:\/\/gaiamekanik.com.tr\/?post_type=product&#038;p=5553"},"modified":"2025-12-19T14:48:13","modified_gmt":"2025-12-19T11:48:13","slug":"fancoil","status":"publish","type":"product","link":"https:\/\/gaiamekanik.com.tr\/en\/product\/fancoil\/","title":{"rendered":"FANCOIL UNITS"},"content":{"rendered":"<p>Cam \u00f6nlerine, asma tavan i\u00e7lerine, tavan alt\u0131na veya d\u00f6\u015feme i\u00e7lerine konulabilen farkl\u0131 tiplerdeki fan coil \u00fcr\u00fcnlerin k\u00fc\u00e7\u00fck boyutlarda olmas\u0131 hem montaj avantaj\u0131 sa\u011fl\u0131yor hem de kullan\u0131ld\u0131\u011f\u0131 alanlarda estetik \u00e7\u00f6z\u00fcmlere f\u0131rsat yarat\u0131yor.<\/p>\n<p>&nbsp;<\/p>\n<div class=\"container mt-3\">\n<h3>NEDEN DAIKIN FAN COIL SE\u00c7MEL\u0130?<\/h3>\n<p>&nbsp;<\/p>\n<\/div>\n<div class=\"container mt-3\">\u2022 En son ERP standartlar\u0131na uyumludur.<br \/>\n\u2022 Ayn\u0131 \u00fcnite i\u00e7in yatay ve dikey kurulum imkan\u0131 sa\u011flar.<br \/>\n\u2022 Kompakt tasar\u0131m\u0131 sayesinde yerden kazand\u0131r\u0131r.<br \/>\n\u2022 \u00c7e\u015fitli protokoller \u00fczerinden BMS sistemine kolayca entegrasyonu yap\u0131labilir.<br \/>\n\u2022 \u00dcst\u00fcn verimlilik de\u011ferleri, y\u00fcksek konfor ve en d\u00fc\u015f\u00fck \u00e7al\u0131\u015fma sesi seviyeleri i\u00e7in piyasadaki en iyi \u00e7\u00f6z\u00fcm olarak \u00f6ne \u00e7\u0131kar.<br \/>\n\u2022 Geni\u015f opsiyonlar\u0131, aksesuar ve kumanda se\u00e7enekleriyle \u00fcr\u00fcn esnekli\u011fine sahiptir.<br \/>\n\u2022 Zamanlay\u0131c\u0131 programl\u0131 \u00e7al\u0131\u015fma moduna sahip kumanda ayn\u0131 zamanda, fan coil y\u00f6netimi a\u00e7\u0131s\u0131ndan t\u00fcm m\u00fc\u015fteri ihtiya\u00e7lar\u0131n\u0131 kar\u015f\u0131layabilir \u00f6zelliktedir.<\/div>","protected":false},"excerpt":{"rendered":"<p>Cam \u00f6nlerine, asma tavan i\u00e7lerine, tavan alt\u0131na veya d\u00f6\u015feme i\u00e7lerine konulabilen farkl\u0131 tiplerdeki fan coil \u00fcr\u00fcnlerin k\u00fc\u00e7\u00fck boyutlarda olmas\u0131 hem montaj avantaj\u0131 sa\u011fl\u0131yor hem de kullan\u0131ld\u0131\u011f\u0131 alanlarda estetik \u00e7\u00f6z\u00fcmlere f\u0131rsat yarat\u0131yor. &nbsp; NEDEN DAIKIN FAN COIL SE\u00c7MEL\u0130? &nbsp; \u2022 En son ERP standartlar\u0131na uyumludur. \u2022 Ayn\u0131 \u00fcnite i\u00e7in yatay ve dikey kurulum imkan\u0131 sa\u011flar. \u2022&#8230;<\/p>","protected":false},"featured_media":5555,"comment_status":"open","ping_status":"closed","template":"","meta":{"_acf_changed":false,"_monsterinsights_skip_tracking":false,"_monsterinsights_sitenote_active":false,"_monsterinsights_sitenote_note":"","_monsterinsights_sitenote_category":0},"product_brand":[],"product_cat":[64],"product_tag":[],"class_list":{"0":"post-5553","1":"product","2":"type-product","3":"status-publish","4":"has-post-thumbnail","6":"product_cat-chiller-fancoil-uniteleri","8":"first","9":"instock","10":"shipping-taxable","11":"product-type-simple"},"acf":[],"aioseo_notices":[],"_links":{"self":[{"href":"https:\/\/gaiamekanik.com.tr\/en\/wp-json\/wp\/v2\/product\/5553","targetHints":{"allow":["GET"]}}],"collection":[{"href":"https:\/\/gaiamekanik.com.tr\/en\/wp-json\/wp\/v2\/product"}],"about":[{"href":"https:\/\/gaiamekanik.com.tr\/en\/wp-json\/wp\/v2\/types\/product"}],"replies":[{"embeddable":true,"href":"https:\/\/gaiamekanik.com.tr\/en\/wp-json\/wp\/v2\/comments?post=5553"}],"version-history":[{"count":2,"href":"https:\/\/gaiamekanik.com.tr\/en\/wp-json\/wp\/v2\/product\/5553\/revisions"}],"predecessor-version":[{"id":5930,"href":"https:\/\/gaiamekanik.com.tr\/en\/wp-json\/wp\/v2\/product\/5553\/revisions\/5930"}],"wp:featuredmedia":[{"embeddable":true,"href":"https:\/\/gaiamekanik.com.tr\/en\/wp-json\/wp\/v2\/media\/5555"}],"wp:attachment":[{"href":"https:\/\/gaiamekanik.com.tr\/en\/wp-json\/wp\/v2\/media?parent=5553"}],"wp:term":[{"taxonomy":"product_brand","embeddable":true,"href":"https:\/\/gaiamekanik.com.tr\/en\/wp-json\/wp\/v2\/product_brand?post=5553"},{"taxonomy":"product_cat","embeddable":true,"href":"https:\/\/gaiamekanik.com.tr\/en\/wp-json\/wp\/v2\/product_cat?post=5553"},{"taxonomy":"product_tag","embeddable":true,"href":"https:\/\/gaiamekanik.com.tr\/en\/wp-json\/wp\/v2\/product_tag?post=5553"}],"curies":[{"name":"wp","href":"https:\/\/api.w.org\/{rel}","templated":true}]}}