{"id":5556,"date":"2025-10-13T16:38:52","date_gmt":"2025-10-13T13:38:52","guid":{"rendered":"https:\/\/gaiamekanik.com.tr\/?post_type=product&#038;p=5556"},"modified":"2025-12-19T14:45:31","modified_gmt":"2025-12-19T11:45:31","slug":"chiller","status":"publish","type":"product","link":"https:\/\/gaiamekanik.com.tr\/en\/product\/chiller\/","title":{"rendered":"CHILLER UNITS"},"content":{"rendered":"<p>Bilindi\u011fi gibi chiller cihazlar, kondenser yap\u0131lar\u0131na g\u00f6re ikiye ayr\u0131lmaktad\u0131r. Bunlar hava so\u011futmal\u0131 ve su so\u011futmal\u0131 chiller modelleridir. Bu yaz\u0131m\u0131zda\u00a0<strong>hava so\u011futma chiller se\u00e7imi<\/strong>\u00a0ve hava so\u011futmal\u0131 chiller al\u0131rken dikkat edilecekler konusunu ele alaca\u011f\u0131z. Hava so\u011futmal\u0131 chiller cihazlar\u0131, bak\u0131r boru, al\u00fcminyum kanattan imal edilmi\u015f kondenser \u00fcnitelerinde, y\u00fcksek s\u0131cakl\u0131\u011fa sahip so\u011futucu gaz\u0131n \u0131s\u0131s\u0131n\u0131, ortam havas\u0131 vas\u0131tas\u0131yla d\u00fc\u015f\u00fcrmek vas\u0131tas\u0131yla \u00e7al\u0131\u015f\u0131r. Ancak hava so\u011futmal\u0131 chiller cihazlarda kendi i\u00e7lerinde bir\u00e7ok \u00f6zellik bar\u0131nd\u0131rmaktad\u0131rlar. Kullan\u0131lacak b\u00f6lgenin ve yap\u0131lacak i\u015fin durumuna g\u00f6re tercih edilme durumlar\u0131 da de\u011fi\u015fmektedir. Bu nedenle hava so\u011futmal\u0131 chiller se\u00e7erken bir\u00e7ok fakt\u00f6r\u00fc g\u00f6z \u00f6n\u00fcnde bulundurman\u0131z gerekmektedir.<\/p>\n<p>Genel \u00f6zellikleri itibariyle bakt\u0131\u011f\u0131m\u0131zda, hava so\u011futmal\u0131 chiller cihazlar\u0131, su so\u011futmal\u0131 chiller cihazlar\u0131na k\u0131yasla daha d\u00fc\u015f\u00fck performansa sahiptirler. Ancak yine de baz\u0131 durumlarda hava so\u011futmal\u0131 chiller cihazlar\u0131 tercih edilmektedir. Peki hava so\u011futmal\u0131 chiller se\u00e7imi ve hava so\u011futmal\u0131 chiller al\u0131rken dikkat edilecekler nelerdir?<\/p>\n<h2><strong>Minimum Kapasite<\/strong><\/h2>\n<p><strong>Hava so\u011futmal\u0131 chiller se\u00e7imi<\/strong>\u00a0yap\u0131l\u0131rken genelde kullan\u0131lacak olan b\u00f6lgenin \u00f6zellikleri ve kullan\u0131lacak cihazlar\u0131n kapasitesinin b\u00fcy\u00fckl\u00fc\u011f\u00fc dikkate al\u0131n\u0131r. Kullan\u0131laca\u011f\u0131 b\u00f6lgenin \u00e7ok so\u011fuk olmas\u0131 ve gece g\u00fcnd\u00fcz aras\u0131nda s\u0131cakl\u0131k bak\u0131m\u0131ndan farklar\u0131n \u00e7ok y\u00fcksek oldu\u011fu yerlerde hava so\u011futmal\u0131 chiller tercih edilir. Ancak bu gibi durumlarda minimum kapasiteli cihazlar\u0131n kullan\u0131l\u0131p kullan\u0131lmad\u0131\u011f\u0131 g\u00f6z \u00f6n\u00fcnde bulundurulmal\u0131d\u0131r. D\u00fc\u015f\u00fck kapasiteli cihazlar varsa e\u011fer hava so\u011futmal\u0131 chiller tercih etmek mant\u0131kl\u0131d\u0131r.<\/p>\n<h2><strong>Y\u00fckseklik Fakt\u00f6r\u00fc<\/strong><\/h2>\n<p>Hava so\u011futmal\u0131 chiller al\u0131rken dikkat edilecekler konusunda s\u0131rada y\u00fckseklik fakt\u00f6r\u00fc var. Hava so\u011futmal\u0131 gruplarda y\u00fckseklik artt\u0131k\u00e7a kapasite azalmaktad\u0131r. Bu y\u00fczden bu fakt\u00f6r\u00fc iyice d\u00fc\u015f\u00fcnmeniz gerekir. \u00d6rne\u011fin Anakara ilinde y\u00fckseklik artt\u0131k\u00e7a %1 oran\u0131nda kapasite d\u00fc\u015fer.<\/p>\n<h3><strong>Kontrol \u015eekli<\/strong><\/h3>\n<p>Hava so\u011futmal\u0131 bir grup tercih edecekseniz kontrol \u015feklinide d\u00fc\u015f\u00fcnmeniz gerekmektedir. \u00c7\u00fcnk\u00fc kontrol \u015fekli kolay olan cihazlar daha verimli \u00e7al\u0131\u015fma vadeder.<\/p>\n<h3><strong>Hava S\u0131cakl\u0131klar\u0131na Diren\u00e7<\/strong><\/h3>\n<p>Hava so\u011futmal\u0131 gruplarda her 1 C\u2019lik hava s\u0131cakl\u0131\u011f\u0131ndaki art\u0131k cihaz\u0131n kapasitesini %1 d\u00fc\u015f\u00fcrmektedir. Bu durum se\u00e7im yapman\u0131z\u0131 olduk\u00e7a etkileyecek \u00f6nemli bir noktad\u0131r. Ayn\u0131 zamanda bu de\u011fi\u015fim kompres\u00f6r\u00fc de etkilemektedir ve kompres\u00f6r\u00fcn \u00e7ekti\u011fi g\u00fcc\u00fc %1 art\u0131rmaktad\u0131r.<\/p>\n<h3><strong>Bas\u0131n\u00e7 Korumas\u0131<\/strong><\/h3>\n<p>Hava so\u011futmal\u0131 olsun ya da su so\u011futmal\u0131 olsun cihazlar\u0131 m\u00fcmk\u00fcn oldu\u011funca y\u00fcksek bas\u0131n\u00e7tan korumak gerekmektedir. Bunun i\u00e7in kondenser hava debileri y\u00fcksek olmal\u0131d\u0131r. Ayn\u0131 zamanda d\u00fc\u015f\u00fck ve orta bas\u0131n\u00e7l\u0131 so\u011futucu ak\u0131\u015fkanlar tercih edilmelidir.<\/p>\n<h3><strong>COP De\u011ferleri<\/strong><\/h3>\n<p><strong>Hava so\u011futmal\u0131 chiller cop<\/strong>\u00a0(performans katsay\u0131s\u0131) de\u011feri su so\u011futmal\u0131 chillerin cop de\u011ferinden d\u00fc\u015f\u00fckt\u00fcr. Su so\u011futmal\u0131 chillerin de\u011feri hava so\u011futmal\u0131 chiller grubundan %30-60 oran\u0131nda daha iyidir. Bu durum muhakkak kendi ko\u015fullar\u0131n\u0131zla da bir arada d\u00fc\u015f\u00fcn\u00fclerek hareket edilmelidir.<\/p>\n<h3><strong>D\u00fc\u015f\u00fck Evaporat\u00f6r Bas\u0131n\u00e7 Kayb\u0131<\/strong><\/h3>\n<p>Yine hava so\u011futmal\u0131 chiller grubunda m\u00fcmk\u00fcn oldu\u011funca evaporat\u00f6r bas\u0131n\u00e7 kayb\u0131 de\u011ferleri 60 kPa\u2019\u0131 ge\u00e7memelidir ve olabildi\u011fince daha d\u00fc\u015f\u00fck evaporat\u00f6r bas\u0131n\u00e7 kayb\u0131 olan gruplar tercih edilmelidir.<\/p>\n<h3><strong>Cihaz\u0131n Boyutu<\/strong><\/h3>\n<p>Cihaz\u0131n boyutuda bu noktada \u00f6nemli bir yere sahiptir. E\u011fer k\u00fc\u00e7\u00fck bir i\u015fletme sahibiseyniz ona g\u00f6re bir tercih yapman\u0131z gerekir. Bu gibi durumlarda az yer kaplad\u0131\u011f\u0131 i\u00e7in genelde Hava so\u011futmal\u0131 gruplar tercih edilmektedir.<\/p>\n<h3><strong>G\u00fcr\u00fclt\u00fc Seviyesi<\/strong><\/h3>\n<p><strong>Hava so\u011futmal\u0131 chiller g\u00fcr\u00fclt\u00fc<\/strong>\u00a0sorunu da d\u00fc\u015f\u00fcn\u00fclmelidir. G\u00fcr\u00fclt\u00fc seviyesinin \u00f6nemli oldu\u011fu yerlerde pratik olarak, serbest alan \u015fartlarda 5m mesafede ses bas\u0131n\u00e7 de\u011ferinin 75dBA\u2019y\u0131 ge\u00e7medi\u011fi gruplar se\u00e7ilmeli, daha d\u00fc\u015f\u00fck g\u00fcr\u00fclt\u00fc seviyesine sahip gruplar tercih edilmelidir.<\/p>\n<h3><strong>Tuz Testi Sertifikal\u0131 Olmas\u0131<\/strong><\/h3>\n<p>Deniz kenar\u0131na monte edilecek ve tuzlu ve korozif bir atmosfere maruz kalacak olan olan gruplar\u0131n sac aksam\u0131 \u201cTuz Testi Sertifikal\u0131\u201d (\u00f6rne\u011fin 500 saat tus sprey testi), kondenser bataryalar\u0131 en az\u0131ndan \u00f6zel korumal\u0131 (birka\u00e7 sene koruyabilir), ancak m\u00fcmk\u00fcnse bak\u0131r boru\/bak\u0131r kanatl\u0131 se\u00e7ilmelidir.<\/p>\n<h3><strong>Kompres\u00f6r Say\u0131s\u0131<\/strong><\/h3>\n<p>Se\u00e7ilen gruptaki kompres\u00f6r say\u0131s\u0131 ile so\u011futucu ak\u0131\u015fkan devre say\u0131s\u0131 mutlaka \u015fartnamelere yaz\u0131lmal\u0131d\u0131r.<\/p>\n<p>Hava so\u011futmal\u0131 chiller sat\u0131n al\u0131rken dikkat edilecek hususlar\u0131 g\u00f6z \u00f6n\u00fcnde bulundurdu\u011funuzda y\u0131llarca ayn\u0131 performansta kullanabilece\u011finiz chiller so\u011futma sistemlerini elde etmi\u015f olursunuz. Maksimum verim elde edersiniz.<\/p>","protected":false},"excerpt":{"rendered":"<p>Bilindi\u011fi gibi chiller cihazlar, kondenser yap\u0131lar\u0131na g\u00f6re ikiye ayr\u0131lmaktad\u0131r. Bunlar hava so\u011futmal\u0131 ve su so\u011futmal\u0131 chiller modelleridir. Bu yaz\u0131m\u0131zda\u00a0hava so\u011futma chiller se\u00e7imi\u00a0ve hava so\u011futmal\u0131 chiller al\u0131rken dikkat edilecekler konusunu ele alaca\u011f\u0131z. Hava so\u011futmal\u0131 chiller cihazlar\u0131, bak\u0131r boru, al\u00fcminyum kanattan imal edilmi\u015f kondenser \u00fcnitelerinde, y\u00fcksek s\u0131cakl\u0131\u011fa sahip so\u011futucu gaz\u0131n \u0131s\u0131s\u0131n\u0131, ortam havas\u0131 vas\u0131tas\u0131yla d\u00fc\u015f\u00fcrmek vas\u0131tas\u0131yla \u00e7al\u0131\u015f\u0131r&#8230;.<\/p>","protected":false},"featured_media":5557,"comment_status":"open","ping_status":"closed","template":"","meta":{"_acf_changed":false,"_monsterinsights_skip_tracking":false,"_monsterinsights_sitenote_active":false,"_monsterinsights_sitenote_note":"","_monsterinsights_sitenote_category":0},"product_brand":[],"product_cat":[64],"product_tag":[],"class_list":{"0":"post-5556","1":"product","2":"type-product","3":"status-publish","4":"has-post-thumbnail","6":"product_cat-chiller-fancoil-uniteleri","8":"first","9":"instock","10":"shipping-taxable","11":"product-type-simple"},"acf":[],"aioseo_notices":[],"_links":{"self":[{"href":"https:\/\/gaiamekanik.com.tr\/en\/wp-json\/wp\/v2\/product\/5556","targetHints":{"allow":["GET"]}}],"collection":[{"href":"https:\/\/gaiamekanik.com.tr\/en\/wp-json\/wp\/v2\/product"}],"about":[{"href":"https:\/\/gaiamekanik.com.tr\/en\/wp-json\/wp\/v2\/types\/product"}],"replies":[{"embeddable":true,"href":"https:\/\/gaiamekanik.com.tr\/en\/wp-json\/wp\/v2\/comments?post=5556"}],"version-history":[{"count":3,"href":"https:\/\/gaiamekanik.com.tr\/en\/wp-json\/wp\/v2\/product\/5556\/revisions"}],"predecessor-version":[{"id":5929,"href":"https:\/\/gaiamekanik.com.tr\/en\/wp-json\/wp\/v2\/product\/5556\/revisions\/5929"}],"wp:featuredmedia":[{"embeddable":true,"href":"https:\/\/gaiamekanik.com.tr\/en\/wp-json\/wp\/v2\/media\/5557"}],"wp:attachment":[{"href":"https:\/\/gaiamekanik.com.tr\/en\/wp-json\/wp\/v2\/media?parent=5556"}],"wp:term":[{"taxonomy":"product_brand","embeddable":true,"href":"https:\/\/gaiamekanik.com.tr\/en\/wp-json\/wp\/v2\/product_brand?post=5556"},{"taxonomy":"product_cat","embeddable":true,"href":"https:\/\/gaiamekanik.com.tr\/en\/wp-json\/wp\/v2\/product_cat?post=5556"},{"taxonomy":"product_tag","embeddable":true,"href":"https:\/\/gaiamekanik.com.tr\/en\/wp-json\/wp\/v2\/product_tag?post=5556"}],"curies":[{"name":"wp","href":"https:\/\/api.w.org\/{rel}","templated":true}]}}