{"id":5564,"date":"2025-10-13T17:14:27","date_gmt":"2025-10-13T14:14:27","guid":{"rendered":"https:\/\/gaiamekanik.com.tr\/?post_type=product&#038;p=5564"},"modified":"2025-12-19T15:37:07","modified_gmt":"2025-12-19T12:37:07","slug":"frekans-invertorleri","status":"publish","type":"product","link":"https:\/\/gaiamekanik.com.tr\/en\/product\/frekans-invertorleri\/","title":{"rendered":"FREQUENCY INVERTERS"},"content":{"rendered":"<p>X Koren Electric\u00a0<strong>Frekans Konvert\u00f6rleri<\/strong>\u00a0elektrik motorlar\u0131n\u0131n h\u0131z\u0131n\u0131 ve torkunu kontrol etmek i\u00e7in kullan\u0131lan cihazlard\u0131r. Frekans s\u00fcr\u00fcc\u00fcler, motorlara verilen elektrik g\u00fcc\u00fcn\u00fcn frekans\u0131n\u0131 ve voltaj\u0131n\u0131 ayarlayarak motorun \u00e7al\u0131\u015fma h\u0131z\u0131n\u0131 de\u011fi\u015ftirirler. Bu, motorun daha verimli \u00e7al\u0131\u015fmas\u0131n\u0131 ve enerji tasarrufu sa\u011flarlar. H\u0131z kontrol\u00fc, enerji tasarrufu, yumu\u015fak ba\u015flatma ve durdurma, tork kontrol\u00fc, geli\u015fmi\u015f kontrol ve izleme ile geri besleme ve adaptasyon avantajlar\u0131 sa\u011flayan X Koren<strong>\u00a0Frekans Konvert\u00f6rleri<\/strong>; HVAC sistemleri, su pompalar\u0131, asans\u00f6r, konvey\u00f6r bantlar\u0131 gibi \u00fcretim makinelerinin bulundu\u011fu end\u00fcstriyel ve ticari uygulamalarda kullan\u0131l\u0131rlar.<\/p>\n<p><strong>Teknik \u00d6zellikleri:<\/strong><\/p>\n<p>Faz Say\u0131s\u0131 : 1 faz, 3 faz<br \/>\n\u00c7al\u0131\u015fma G\u00fcc\u00fc : 0,37kW-22kW<\/p>\n<p>Giri\u015f-\u00c7\u0131k\u0131\u015f Faz : 1 faz giri\u015f-3 faz \u00e7\u0131k\u0131\u015f &amp; 3 faz giri\u015f-3 faz \u00e7\u0131k\u0131\u015f<br \/>\n\u00c7al\u0131\u015fma Gerilim : 220V \u2013 380 V<\/p>","protected":false},"excerpt":{"rendered":"<p>X Koren Electric\u00a0Frekans Konvert\u00f6rleri\u00a0elektrik motorlar\u0131n\u0131n h\u0131z\u0131n\u0131 ve torkunu kontrol etmek i\u00e7in kullan\u0131lan cihazlard\u0131r. Frekans s\u00fcr\u00fcc\u00fcler, motorlara verilen elektrik g\u00fcc\u00fcn\u00fcn frekans\u0131n\u0131 ve voltaj\u0131n\u0131 ayarlayarak motorun \u00e7al\u0131\u015fma h\u0131z\u0131n\u0131 de\u011fi\u015ftirirler. Bu, motorun daha verimli \u00e7al\u0131\u015fmas\u0131n\u0131 ve enerji tasarrufu sa\u011flarlar. H\u0131z kontrol\u00fc, enerji tasarrufu, yumu\u015fak ba\u015flatma ve durdurma, tork kontrol\u00fc, geli\u015fmi\u015f kontrol ve izleme ile geri besleme ve adaptasyon&#8230;<\/p>","protected":false},"featured_media":5544,"comment_status":"open","ping_status":"closed","template":"","meta":{"_acf_changed":false,"_monsterinsights_skip_tracking":false,"_monsterinsights_sitenote_active":false,"_monsterinsights_sitenote_note":"","_monsterinsights_sitenote_category":0},"product_brand":[],"product_cat":[63],"product_tag":[],"class_list":{"0":"post-5564","1":"product","2":"type-product","3":"status-publish","4":"has-post-thumbnail","6":"product_cat-frekans-invertorleri","8":"first","9":"instock","10":"shipping-taxable","11":"product-type-simple"},"acf":[],"aioseo_notices":[],"_links":{"self":[{"href":"https:\/\/gaiamekanik.com.tr\/en\/wp-json\/wp\/v2\/product\/5564","targetHints":{"allow":["GET"]}}],"collection":[{"href":"https:\/\/gaiamekanik.com.tr\/en\/wp-json\/wp\/v2\/product"}],"about":[{"href":"https:\/\/gaiamekanik.com.tr\/en\/wp-json\/wp\/v2\/types\/product"}],"replies":[{"embeddable":true,"href":"https:\/\/gaiamekanik.com.tr\/en\/wp-json\/wp\/v2\/comments?post=5564"}],"version-history":[{"count":3,"href":"https:\/\/gaiamekanik.com.tr\/en\/wp-json\/wp\/v2\/product\/5564\/revisions"}],"predecessor-version":[{"id":5962,"href":"https:\/\/gaiamekanik.com.tr\/en\/wp-json\/wp\/v2\/product\/5564\/revisions\/5962"}],"wp:featuredmedia":[{"embeddable":true,"href":"https:\/\/gaiamekanik.com.tr\/en\/wp-json\/wp\/v2\/media\/5544"}],"wp:attachment":[{"href":"https:\/\/gaiamekanik.com.tr\/en\/wp-json\/wp\/v2\/media?parent=5564"}],"wp:term":[{"taxonomy":"product_brand","embeddable":true,"href":"https:\/\/gaiamekanik.com.tr\/en\/wp-json\/wp\/v2\/product_brand?post=5564"},{"taxonomy":"product_cat","embeddable":true,"href":"https:\/\/gaiamekanik.com.tr\/en\/wp-json\/wp\/v2\/product_cat?post=5564"},{"taxonomy":"product_tag","embeddable":true,"href":"https:\/\/gaiamekanik.com.tr\/en\/wp-json\/wp\/v2\/product_tag?post=5564"}],"curies":[{"name":"wp","href":"https:\/\/api.w.org\/{rel}","templated":true}]}}