{"id":5587,"date":"2025-10-23T16:29:51","date_gmt":"2025-10-23T13:29:51","guid":{"rendered":"https:\/\/gaiamekanik.com.tr\/?post_type=product&#038;p=5587"},"modified":"2025-12-19T13:03:21","modified_gmt":"2025-12-19T10:03:21","slug":"punto-evo-flexo-3","status":"publish","type":"product","link":"https:\/\/gaiamekanik.com.tr\/en\/product\/punto-evo-flexo-3\/","title":{"rendered":"PUNTO EVO FLEXO"},"content":{"rendered":"<ul>\n<li>\u0130nce \u015f\u0131k Tasar\u0131m<\/li>\n<li>\u00c7ok Sessiz.<\/li>\n<li>UV \u0131\u015f\u0131nlar\u0131na dayan\u0131kl\u0131 plastik.<\/li>\n<li>Motor Termik a\u015f\u0131r\u0131 y\u00fck korumas\u0131.<\/li>\n<li>Kendini ya\u011flayan bur\u00e7lar.<\/li>\n<li>IMQ ve IMQ G\u00fcvenlik performans sertifikalar\u0131.<\/li>\n<li>Standart geri tepme ventili.<\/li>\n<li>Opsiyonel h\u0131z anahtar\u0131 ile debi kontrol\u00fc.<\/li>\n<li>Opsiyonel Zaman ayar\u0131 ve Nem sens\u00f6r\u00fc.<\/li>\n<li>Koruma S\u0131n\u0131f\u0131 IPX4.<\/li>\n<li>Yal\u0131t\u0131m II.<\/li>\n<li>Pratik kullan\u0131m ve kolay kurulum.<\/li>\n<\/ul>","protected":false},"excerpt":{"rendered":"<p>\u0130nce \u015f\u0131k Tasar\u0131m \u00c7ok Sessiz. UV \u0131\u015f\u0131nlar\u0131na dayan\u0131kl\u0131 plastik. Motor Termik a\u015f\u0131r\u0131 y\u00fck korumas\u0131. Kendini ya\u011flayan bur\u00e7lar. IMQ ve IMQ G\u00fcvenlik performans sertifikalar\u0131. Standart geri tepme ventili. Opsiyonel h\u0131z anahtar\u0131 ile debi kontrol\u00fc. Opsiyonel Zaman ayar\u0131 ve Nem sens\u00f6r\u00fc. Koruma S\u0131n\u0131f\u0131 IPX4. Yal\u0131t\u0131m II. Pratik kullan\u0131m ve kolay kurulum.<\/p>","protected":false},"featured_media":5588,"comment_status":"open","ping_status":"closed","template":"","meta":{"_acf_changed":false,"_monsterinsights_skip_tracking":false,"_monsterinsights_sitenote_active":false,"_monsterinsights_sitenote_note":"","_monsterinsights_sitenote_category":0},"product_brand":[],"product_cat":[25,54],"product_tag":[],"class_list":{"0":"post-5587","1":"product","2":"type-product","3":"status-publish","4":"has-post-thumbnail","6":"product_cat-fanlar","7":"product_cat-duvar-tipi-fanlar","9":"first","10":"instock","11":"shipping-taxable","12":"product-type-simple"},"acf":[],"aioseo_notices":[],"_links":{"self":[{"href":"https:\/\/gaiamekanik.com.tr\/en\/wp-json\/wp\/v2\/product\/5587","targetHints":{"allow":["GET"]}}],"collection":[{"href":"https:\/\/gaiamekanik.com.tr\/en\/wp-json\/wp\/v2\/product"}],"about":[{"href":"https:\/\/gaiamekanik.com.tr\/en\/wp-json\/wp\/v2\/types\/product"}],"replies":[{"embeddable":true,"href":"https:\/\/gaiamekanik.com.tr\/en\/wp-json\/wp\/v2\/comments?post=5587"}],"version-history":[{"count":4,"href":"https:\/\/gaiamekanik.com.tr\/en\/wp-json\/wp\/v2\/product\/5587\/revisions"}],"predecessor-version":[{"id":5901,"href":"https:\/\/gaiamekanik.com.tr\/en\/wp-json\/wp\/v2\/product\/5587\/revisions\/5901"}],"wp:featuredmedia":[{"embeddable":true,"href":"https:\/\/gaiamekanik.com.tr\/en\/wp-json\/wp\/v2\/media\/5588"}],"wp:attachment":[{"href":"https:\/\/gaiamekanik.com.tr\/en\/wp-json\/wp\/v2\/media?parent=5587"}],"wp:term":[{"taxonomy":"product_brand","embeddable":true,"href":"https:\/\/gaiamekanik.com.tr\/en\/wp-json\/wp\/v2\/product_brand?post=5587"},{"taxonomy":"product_cat","embeddable":true,"href":"https:\/\/gaiamekanik.com.tr\/en\/wp-json\/wp\/v2\/product_cat?post=5587"},{"taxonomy":"product_tag","embeddable":true,"href":"https:\/\/gaiamekanik.com.tr\/en\/wp-json\/wp\/v2\/product_tag?post=5587"}],"curies":[{"name":"wp","href":"https:\/\/api.w.org\/{rel}","templated":true}]}}