{"id":5599,"date":"2025-10-23T16:43:41","date_gmt":"2025-10-23T13:43:41","guid":{"rendered":"https:\/\/gaiamekanik.com.tr\/?post_type=product&#038;p=5599"},"modified":"2025-12-19T13:25:44","modified_gmt":"2025-12-19T10:25:44","slug":"punto-evo-flexo-2","status":"publish","type":"product","link":"https:\/\/gaiamekanik.com.tr\/en\/product\/punto-evo-flexo-2\/","title":{"rendered":"PUNTO EVO FLEXO"},"content":{"rendered":"<ul>\n<li>\u00d6n panel, motor tutucu ve entegre ABS termoplastik malzemeden yap\u0131lm\u0131\u015f darbelere dayan\u0131kl\u0131 ve anti-UV Plastik.<\/li>\n<li>PP malzeden yap\u0131lm\u0131\u015f Helico-santrif\u00fcj kar\u0131\u015f\u0131k ak\u0131\u015fl\u0131 pervane.<\/li>\n<li>\u00d6zel olarak tasarlanm\u0131\u015f pervane ve motor tutucu y\u00fcksek performans, d\u00fc\u015f\u00fck g\u00fc\u00e7 t\u00fcketimi i\u00e7in ve d\u00fc\u015f\u00fck g\u00fcr\u00fclt\u00fc emisyonlar\u0131.<\/li>\n<li>Entegre kelebek backdraught damper, istenmeyen hava giri\u015flerini \u00f6nler.<\/li>\n<li>Uzun \u00f6m\u00fcrl\u00fc rulman yatakl\u0131 motorlar 30.000 saat kesintisiz sorunsuz \u00e7al\u0131\u015fmay\u0131 garanti eder.<\/li>\n<li>D\u00fc\u015f\u00fck \u00e7evresel etki sa\u011flayacak \u015fekilde tasarlanm\u0131\u015ft\u0131r.<\/li>\n<li>Geri d\u00f6n\u00fc\u015ft\u00fcr\u00fclebilir malzemeler kullanarak ve elde edilmi\u015ftir.<\/li>\n<li>\u201cDesign for Disassembly\u201d tekni\u011fi kolay ve \u00e7evre dostu bile\u015fenler. Koruma s\u0131n\u0131f\u0131: IP45 Yal\u0131t\u0131m s\u0131n\u0131f\u0131: II<\/li>\n<\/ul>","protected":false},"excerpt":{"rendered":"<p>\u00d6n panel, motor tutucu ve entegre ABS termoplastik malzemeden yap\u0131lm\u0131\u015f darbelere dayan\u0131kl\u0131 ve anti-UV Plastik. PP malzeden yap\u0131lm\u0131\u015f Helico-santrif\u00fcj kar\u0131\u015f\u0131k ak\u0131\u015fl\u0131 pervane. \u00d6zel olarak tasarlanm\u0131\u015f pervane ve motor tutucu y\u00fcksek performans, d\u00fc\u015f\u00fck g\u00fc\u00e7 t\u00fcketimi i\u00e7in ve d\u00fc\u015f\u00fck g\u00fcr\u00fclt\u00fc emisyonlar\u0131. Entegre kelebek backdraught damper, istenmeyen hava giri\u015flerini \u00f6nler. Uzun \u00f6m\u00fcrl\u00fc rulman yatakl\u0131 motorlar 30.000 saat kesintisiz&#8230;<\/p>","protected":false},"featured_media":5588,"comment_status":"open","ping_status":"closed","template":"","meta":{"_acf_changed":false,"_monsterinsights_skip_tracking":false,"_monsterinsights_sitenote_active":false,"_monsterinsights_sitenote_note":"","_monsterinsights_sitenote_category":0},"product_brand":[],"product_cat":[25,58],"product_tag":[],"class_list":{"0":"post-5599","1":"product","2":"type-product","3":"status-publish","4":"has-post-thumbnail","6":"product_cat-fanlar","7":"product_cat-domestik-fanlar","9":"first","10":"instock","11":"shipping-taxable","12":"product-type-simple"},"acf":[],"aioseo_notices":[],"_links":{"self":[{"href":"https:\/\/gaiamekanik.com.tr\/en\/wp-json\/wp\/v2\/product\/5599","targetHints":{"allow":["GET"]}}],"collection":[{"href":"https:\/\/gaiamekanik.com.tr\/en\/wp-json\/wp\/v2\/product"}],"about":[{"href":"https:\/\/gaiamekanik.com.tr\/en\/wp-json\/wp\/v2\/types\/product"}],"replies":[{"embeddable":true,"href":"https:\/\/gaiamekanik.com.tr\/en\/wp-json\/wp\/v2\/comments?post=5599"}],"version-history":[{"count":3,"href":"https:\/\/gaiamekanik.com.tr\/en\/wp-json\/wp\/v2\/product\/5599\/revisions"}],"predecessor-version":[{"id":5914,"href":"https:\/\/gaiamekanik.com.tr\/en\/wp-json\/wp\/v2\/product\/5599\/revisions\/5914"}],"wp:featuredmedia":[{"embeddable":true,"href":"https:\/\/gaiamekanik.com.tr\/en\/wp-json\/wp\/v2\/media\/5588"}],"wp:attachment":[{"href":"https:\/\/gaiamekanik.com.tr\/en\/wp-json\/wp\/v2\/media?parent=5599"}],"wp:term":[{"taxonomy":"product_brand","embeddable":true,"href":"https:\/\/gaiamekanik.com.tr\/en\/wp-json\/wp\/v2\/product_brand?post=5599"},{"taxonomy":"product_cat","embeddable":true,"href":"https:\/\/gaiamekanik.com.tr\/en\/wp-json\/wp\/v2\/product_cat?post=5599"},{"taxonomy":"product_tag","embeddable":true,"href":"https:\/\/gaiamekanik.com.tr\/en\/wp-json\/wp\/v2\/product_tag?post=5599"}],"curies":[{"name":"wp","href":"https:\/\/api.w.org\/{rel}","templated":true}]}}