{"id":5610,"date":"2025-10-23T17:04:57","date_gmt":"2025-10-23T14:04:57","guid":{"rendered":"https:\/\/gaiamekanik.com.tr\/?post_type=product&#038;p=5610"},"modified":"2025-12-19T14:36:20","modified_gmt":"2025-12-19T11:36:20","slug":"dx-bataryali-klima-santralleri","status":"publish","type":"product","link":"https:\/\/gaiamekanik.com.tr\/en\/product\/dx-bataryali-klima-santralleri\/","title":{"rendered":"DX AIR HANDLING UNITS"},"content":{"rendered":"<p>Klima santralleri kapal\u0131 ortamda bulunan havan\u0131n nemini ve s\u0131cakl\u0131\u011f\u0131n\u0131 istenilen \u015fartlarda sabit tutabilmektedir. Buna ba\u011fl\u0131 olarak ki\u015filer istedikleri konforu elde edebilir. Bununla birlikte bir di\u011fer olumlu \u00f6zelli\u011fi d\u0131\u015f ortamdan ald\u0131\u011f\u0131 taze havadaki kat\u0131 partiku\u0308lleri, gazlar\u0131 ya da mikroorganizmalar\u0131 tutarak kullan\u0131ld\u0131\u011f\u0131 ortamda devaml\u0131 bir \u015fekilde hava temizlemektedir.<\/p>","protected":false},"excerpt":{"rendered":"<p>Klima santralleri kapal\u0131 ortamda bulunan havan\u0131n nemini ve s\u0131cakl\u0131\u011f\u0131n\u0131 istenilen \u015fartlarda sabit tutabilmektedir. Buna ba\u011fl\u0131 olarak ki\u015filer istedikleri konforu elde edebilir. Bununla birlikte bir di\u011fer olumlu \u00f6zelli\u011fi d\u0131\u015f ortamdan ald\u0131\u011f\u0131 taze havadaki kat\u0131 partiku\u0308lleri, gazlar\u0131 ya da mikroorganizmalar\u0131 tutarak kullan\u0131ld\u0131\u011f\u0131 ortamda devaml\u0131 bir \u015fekilde hava temizlemektedir.<\/p>","protected":false},"featured_media":5608,"comment_status":"open","ping_status":"closed","template":"","meta":{"_acf_changed":false,"_monsterinsights_skip_tracking":false,"_monsterinsights_sitenote_active":false,"_monsterinsights_sitenote_note":"","_monsterinsights_sitenote_category":0},"product_brand":[],"product_cat":[33],"product_tag":[],"class_list":{"0":"post-5610","1":"product","2":"type-product","3":"status-publish","4":"has-post-thumbnail","6":"product_cat-klima-santralleri","8":"first","9":"instock","10":"shipping-taxable","11":"product-type-simple"},"acf":[],"aioseo_notices":[],"_links":{"self":[{"href":"https:\/\/gaiamekanik.com.tr\/en\/wp-json\/wp\/v2\/product\/5610","targetHints":{"allow":["GET"]}}],"collection":[{"href":"https:\/\/gaiamekanik.com.tr\/en\/wp-json\/wp\/v2\/product"}],"about":[{"href":"https:\/\/gaiamekanik.com.tr\/en\/wp-json\/wp\/v2\/types\/product"}],"replies":[{"embeddable":true,"href":"https:\/\/gaiamekanik.com.tr\/en\/wp-json\/wp\/v2\/comments?post=5610"}],"version-history":[{"count":2,"href":"https:\/\/gaiamekanik.com.tr\/en\/wp-json\/wp\/v2\/product\/5610\/revisions"}],"predecessor-version":[{"id":5923,"href":"https:\/\/gaiamekanik.com.tr\/en\/wp-json\/wp\/v2\/product\/5610\/revisions\/5923"}],"wp:featuredmedia":[{"embeddable":true,"href":"https:\/\/gaiamekanik.com.tr\/en\/wp-json\/wp\/v2\/media\/5608"}],"wp:attachment":[{"href":"https:\/\/gaiamekanik.com.tr\/en\/wp-json\/wp\/v2\/media?parent=5610"}],"wp:term":[{"taxonomy":"product_brand","embeddable":true,"href":"https:\/\/gaiamekanik.com.tr\/en\/wp-json\/wp\/v2\/product_brand?post=5610"},{"taxonomy":"product_cat","embeddable":true,"href":"https:\/\/gaiamekanik.com.tr\/en\/wp-json\/wp\/v2\/product_cat?post=5610"},{"taxonomy":"product_tag","embeddable":true,"href":"https:\/\/gaiamekanik.com.tr\/en\/wp-json\/wp\/v2\/product_tag?post=5610"}],"curies":[{"name":"wp","href":"https:\/\/api.w.org\/{rel}","templated":true}]}}