{"id":5970,"date":"2025-12-22T17:10:25","date_gmt":"2025-12-22T14:10:25","guid":{"rendered":"https:\/\/gaiamekanik.com.tr\/?post_type=product&#038;p=5970"},"modified":"2025-12-22T17:10:25","modified_gmt":"2025-12-22T14:10:25","slug":"cav-uniteleri","status":"publish","type":"product","link":"https:\/\/gaiamekanik.com.tr\/en\/product\/cav-uniteleri\/","title":{"rendered":"VAV UNITS"},"content":{"rendered":"<p>CAV \u00dcniteleri, havaland\u0131rma ve iklimlendirme sistemlerindeki bas\u0131n\u00e7 de\u011fi\u015fimlerinden ba\u011f\u0131ms\u0131z olarak sabit bir ak\u0131\u015f h\u0131z\u0131n\u0131 korumak i\u00e7in kullan\u0131lan mekanik reg\u00fclat\u00f6rlerdir. Reg\u00fclat\u00f6rler, besleme ve tahliye hava sistemlerine monte edilebilir. Her reg\u00fclat\u00f6r, gerekli ak\u0131\u015f h\u0131z\u0131na ayarlan\u0131r ve test tesisimizde ger\u00e7ekle\u015ftirilen aerodinamik fonksiyon testine tabi tutulur.<\/p>","protected":false},"excerpt":{"rendered":"<p>CAV \u00dcniteleri, havaland\u0131rma ve iklimlendirme sistemlerindeki bas\u0131n\u00e7 de\u011fi\u015fimlerinden ba\u011f\u0131ms\u0131z olarak sabit bir ak\u0131\u015f h\u0131z\u0131n\u0131 korumak i\u00e7in kullan\u0131lan mekanik reg\u00fclat\u00f6rlerdir. Reg\u00fclat\u00f6rler, besleme ve tahliye hava sistemlerine monte edilebilir. Her reg\u00fclat\u00f6r, gerekli ak\u0131\u015f h\u0131z\u0131na ayarlan\u0131r ve test tesisimizde ger\u00e7ekle\u015ftirilen aerodinamik fonksiyon testine tabi tutulur.<\/p>","protected":false},"featured_media":5971,"comment_status":"open","ping_status":"closed","template":"","meta":{"_acf_changed":false,"_monsterinsights_skip_tracking":false,"_monsterinsights_sitenote_active":false,"_monsterinsights_sitenote_note":"","_monsterinsights_sitenote_category":0},"product_brand":[],"product_cat":[44],"product_tag":[],"class_list":{"0":"post-5970","1":"product","2":"type-product","3":"status-publish","4":"has-post-thumbnail","6":"product_cat-vav-cav-uniteleri-yangin-duman-damperleri","8":"first","9":"instock","10":"shipping-taxable","11":"product-type-simple"},"acf":[],"aioseo_notices":[],"_links":{"self":[{"href":"https:\/\/gaiamekanik.com.tr\/en\/wp-json\/wp\/v2\/product\/5970","targetHints":{"allow":["GET"]}}],"collection":[{"href":"https:\/\/gaiamekanik.com.tr\/en\/wp-json\/wp\/v2\/product"}],"about":[{"href":"https:\/\/gaiamekanik.com.tr\/en\/wp-json\/wp\/v2\/types\/product"}],"replies":[{"embeddable":true,"href":"https:\/\/gaiamekanik.com.tr\/en\/wp-json\/wp\/v2\/comments?post=5970"}],"version-history":[{"count":1,"href":"https:\/\/gaiamekanik.com.tr\/en\/wp-json\/wp\/v2\/product\/5970\/revisions"}],"predecessor-version":[{"id":5972,"href":"https:\/\/gaiamekanik.com.tr\/en\/wp-json\/wp\/v2\/product\/5970\/revisions\/5972"}],"wp:featuredmedia":[{"embeddable":true,"href":"https:\/\/gaiamekanik.com.tr\/en\/wp-json\/wp\/v2\/media\/5971"}],"wp:attachment":[{"href":"https:\/\/gaiamekanik.com.tr\/en\/wp-json\/wp\/v2\/media?parent=5970"}],"wp:term":[{"taxonomy":"product_brand","embeddable":true,"href":"https:\/\/gaiamekanik.com.tr\/en\/wp-json\/wp\/v2\/product_brand?post=5970"},{"taxonomy":"product_cat","embeddable":true,"href":"https:\/\/gaiamekanik.com.tr\/en\/wp-json\/wp\/v2\/product_cat?post=5970"},{"taxonomy":"product_tag","embeddable":true,"href":"https:\/\/gaiamekanik.com.tr\/en\/wp-json\/wp\/v2\/product_tag?post=5970"}],"curies":[{"name":"wp","href":"https:\/\/api.w.org\/{rel}","templated":true}]}}